{"id":3,"date":"2023-09-29T18:11:31","date_gmt":"2023-09-29T17:11:31","guid":{"rendered":"http:\/\/unitedvision.org.tr\/?page_id=3"},"modified":"2024-09-05T10:55:17","modified_gmt":"2024-09-05T07:55:17","slug":"privacy-policy-united-vision-turkiye","status":"publish","type":"page","link":"https:\/\/unitedvision.org.tr\/tr\/privacy-policy-united-vision-turkiye\/","title":{"rendered":"Privacy Policy"},"content":{"rendered":"<div data-elementor-type=\"wp-page\" data-elementor-id=\"3\" class=\"elementor elementor-3\" data-elementor-post-type=\"page\">\n\t\t\t\t<div class=\"elementor-element elementor-element-896342e e-flex e-con-boxed e-con e-parent\" data-id=\"896342e\" data-element_type=\"container\" data-e-type=\"container\">\n\t\t\t\t\t<div class=\"e-con-inner\">\n\t\t\t\t<div class=\"elementor-element elementor-element-2a05f10 elementor-widget elementor-widget-spacer\" data-id=\"2a05f10\" data-element_type=\"widget\" data-e-type=\"widget\" data-widget_type=\"spacer.default\">\n\t\t\t\t<div class=\"elementor-widget-container\">\n\t\t\t\t\t\t\t<div class=\"elementor-spacer\">\n\t\t\t<div class=\"elementor-spacer-inner\"><\/div>\n\t\t<\/div>\n\t\t\t\t\t\t<\/div>\n\t\t\t\t<\/div>\n\t\t\t\t<div class=\"elementor-element elementor-element-f8c187e elementor-widget elementor-widget-text-editor\" data-id=\"f8c187e\" data-element_type=\"widget\" data-e-type=\"widget\" data-widget_type=\"text-editor.default\">\n\t\t\t\t<div class=\"elementor-widget-container\">\n\t\t\t\t\t\t\t\t\t<p><strong>United Vision T\u00fcrkiye Gizlilik Bildirimi<\/strong><\/p><ol><li><p><strong>girii\u015f<\/strong><\/p><p>United Vision T\u00fcrkiye'nin bir par\u00e7as\u0131 oldu\u011funuz i\u00e7in te\u015fekk\u00fcr ederiz. Ki\u015fisel verilerinizin korunmas\u0131 bizim i\u00e7in en \u00f6nemli \u00f6nceliktir. Bu Gizlilik Bildirimi, ki\u015fisel bilgilerinizi Genel Veri Koruma Y\u00f6netmeli\u011fine (GDPR) uygun olarak nas\u0131l ve neden toplad\u0131\u011f\u0131m\u0131z\u0131, saklad\u0131\u011f\u0131m\u0131z\u0131 ve i\u015fledi\u011fimizi a\u00e7\u0131klamaktad\u0131r.<\/p><\/li><li><p><strong>Hangi Bilgileri Topluyoruz<\/strong><\/p><p>We may collect and process the following personal data:<\/p><ul><li>Ad Soyad<\/li><li>Adres<\/li><li>E-posta adresi<\/li><li>\u0130leti\u015fim numaras\u0131<\/li><li>\u00dcyelik ayr\u0131nt\u0131lar\u0131<\/li><li>IP adresi<\/li><li>\u00c7erezler<\/li><li>Konum (\u00fclke d\u00fczeyinde, belirli adresler de\u011fil)<\/li><li>Cihaz ve taray\u0131c\u0131 bilgileri<\/li><li>G\u00f6n\u00fcll\u00fc olarak sa\u011flad\u0131\u011f\u0131n\u0131z di\u011fer bilgiler<\/li><\/ul><p><strong>\u00d6zel Kategori Verileri:<\/strong> Siz g\u00f6n\u00fcll\u00fc olarak sa\u011flamad\u0131\u011f\u0131n\u0131z s\u00fcrece, \u00f6zel kategorilerdeki ki\u015fisel verileri (\u00f6rne\u011fin sa\u011fl\u0131k bilgileri, \u0131rk, din) kas\u0131tl\u0131 olarak toplam\u0131yoruz.<\/p><\/li><li><p><strong>Verilerinizi \u0130\u015flemenin Yasal Dayana\u011f\u0131<\/strong><\/p><p>GDPR uyar\u0131nca ki\u015fisel verilerinizi i\u015flemek i\u00e7in ge\u00e7erli bir yasal dayana\u011fa sahip olmam\u0131z gerekir. Verilerinizi a\u015fa\u011f\u0131daki gerek\u00e7elere dayanarak i\u015fleriz:<\/p><ul><li><strong>S\u00f6zle\u015fme gereklili\u011fi:<\/strong> \u00dcyeli\u011finizi y\u00f6netmek ve talep etti\u011finiz hizmetleri sa\u011flamak.<\/li><li><strong>Me\u015fru menfaatler:<\/strong> \u0130statistiksel analiz, ara\u015ft\u0131rma ve hizmetlerimizi iyile\u015ftirme gibi ama\u00e7lar i\u00e7in, bu \u00e7\u0131karlar\u0131n gizlilik haklar\u0131n\u0131z taraf\u0131ndan ge\u00e7ersiz k\u0131l\u0131nmamas\u0131 ko\u015fuluyla.<\/li><li><strong>Onay:<\/strong> A\u00e7\u0131k\u00e7a izin verdiyseniz haber b\u00fcltenleri veya pazarlama ileti\u015fimleri g\u00f6ndermek i\u00e7in.<\/li><li><strong>Yasal y\u00fck\u00fcml\u00fcl\u00fck:<\/strong> Mali kay\u0131tlar\u0131n tutulmas\u0131 gibi yasal gerekliliklere uymak.<\/li><\/ul><\/li><li><p><strong>Verilerinizi Neden Topluyoruz?<\/strong><\/p><p>Verileriniz a\u015fa\u011f\u0131dakiler dahil ancak bunlarla s\u0131n\u0131rl\u0131 olmamak \u00fczere ama\u00e7lar i\u00e7in kullan\u0131l\u0131r:<\/p><ul><li>\u00dcye y\u00f6netimi<\/li><li>Haber b\u00fcltenleri veya dernek g\u00fcncellemeleri g\u00f6nderme<\/li><li>Etkinlik ve aktivitelerin d\u00fczenlenmesi<\/li><li>Sorulara veya geri bildirimlere yan\u0131t verme<\/li><li>\u0130statistik ve ara\u015ft\u0131rma ama\u00e7lar\u0131<\/li><\/ul><\/li><li><p><strong>Verilerinizi Nas\u0131l Sakl\u0131yoruz?<\/strong><\/p><p>Bilgileriniz dernek y\u00f6netim sistemimizde g\u00fcvenli bir \u015fekilde saklanmaktad\u0131r. Verilerinizin yetkisiz eri\u015fime, de\u011fi\u015ftirilmeye, if\u015fa edilmeye veya imha edilmeye kar\u015f\u0131 korunmas\u0131n\u0131 sa\u011flamak i\u00e7in uygun teknik ve organizasyonel \u00f6nlemleri uyguluyoruz.<\/p><\/li><li><p><strong>Verilerinizi Ne Kadar S\u00fcre Sakl\u0131yoruz<\/strong><\/p><p>Ki\u015fisel verilerinizi, yasal, muhasebe veya raporlama gerekliliklerini yerine getirme ama\u00e7lar\u0131 da dahil olmak \u00fczere, toplad\u0131\u011f\u0131m\u0131z ama\u00e7lar\u0131 yerine getirmek i\u00e7in gereken s\u00fcre boyunca sakl\u0131yoruz. \u00d6zellikle:<\/p><ul><li><strong>Aktif \u00dcyelik:<\/strong> Verileriniz derne\u011fe \u00fcye oldu\u011funuz s\u00fcrece saklan\u0131r.<\/li><li><strong>\u00dcyelik Sonras\u0131:<\/strong> \u00dcyeli\u011finiz iptal edildikten sonra verilerinizi idari ama\u00e7larla 10 y\u0131la kadar saklar\u0131z, sonras\u0131nda g\u00fcvenli bir \u015fekilde silinir.<\/li><\/ul><\/li><li><p><strong>Veri Koruma Haklar\u0131n\u0131z<\/strong><\/p><p>GDPR kapsam\u0131nda ki\u015fisel verilerinizle ilgili a\u015fa\u011f\u0131daki haklara sahipsiniz:<\/p><ul><li><strong>Eri\u015fim hakk\u0131:<\/strong> Ki\u015fisel verilerinizin kopyalar\u0131n\u0131 talep edebilirsiniz.<\/li><li><strong>D\u00fczeltme hakk\u0131:<\/strong> Yanl\u0131\u015f veya eksik verileri d\u00fczeltmemizi isteyebilirsiniz.<\/li><li><strong>Silme hakk\u0131:<\/strong> Belirli ko\u015fullar alt\u0131nda ki\u015fisel verilerinizi silmemizi talep edebilirsiniz.<\/li><li><strong>\u0130\u015flemeyi k\u0131s\u0131tlama hakk\u0131:<\/strong> Belirli ko\u015fullar alt\u0131nda verilerinizin i\u015flenmesini k\u0131s\u0131tlamam\u0131z\u0131 isteyebilirsiniz.<\/li><li><strong>\u0130\u015fleme itiraz hakk\u0131:<\/strong> Belirli ko\u015fullar alt\u0131nda verilerinizin i\u015flenmesine itiraz edebilirsiniz.<\/li><li><strong>Veri ta\u015f\u0131nabilirli\u011fi hakk\u0131:<\/strong> Toplad\u0131\u011f\u0131m\u0131z verileri belirli ko\u015fullar alt\u0131nda ba\u015fka bir kurulu\u015fa veya do\u011frudan size aktarmam\u0131z\u0131 talep edebilirsiniz.<\/li><\/ul><p>Bu haklardan herhangi birini kullanmak istiyorsan\u0131z l\u00fctfen a\u015fa\u011f\u0131da verilen ileti\u015fim bilgilerinden bizimle ileti\u015fime ge\u00e7in. Bu t\u00fcr taleplere yan\u0131t vermeden \u00f6nce kimli\u011finizi do\u011frulaman\u0131z\u0131 isteyebiliriz.<\/p><\/li><li><p><strong>\u00c7erezler<\/strong><\/p><p>Web sitemiz kullan\u0131c\u0131 deneyimini geli\u015ftirmek i\u00e7in \u00e7erezleri kullanabilir. \u00c7erezler, sitemizi kullan\u0131m\u0131n\u0131z\u0131 takip etmemize ve deneyiminizi geli\u015ftirmemize yard\u0131mc\u0131 olan, taray\u0131c\u0131n\u0131za kaydedilen k\u00fc\u00e7\u00fck dosyalard\u0131r. \u0130sterseniz taray\u0131c\u0131 ayarlar\u0131n\u0131z\u0131 \u00e7erezleri reddedecek \u015fekilde de\u011fi\u015ftirebilirsiniz.\u00a0<\/p><\/li><li><p><strong>\u00dc\u00e7\u00fcnc\u00fc Taraf Ba\u011flant\u0131lar\u0131<\/strong><\/p><p>Web sitemiz harici sitelere ba\u011flant\u0131lar i\u00e7erebilir. Bu gizlilik bildirimi yaln\u0131zca derne\u011fimiz i\u00e7in ge\u00e7erli olup, di\u011fer sitelerin gizlilik uygulamalar\u0131ndan sorumlu de\u011filiz. Ziyaret etti\u011finiz t\u00fcm \u00fc\u00e7\u00fcnc\u00fc taraf sitelerin gizlilik bildirimlerini incelemenizi \u00f6neririz.<\/p><\/li><li><p><strong>Hotjar'\u0131n Kullan\u0131m\u0131<\/strong><\/p><\/li><\/ol><p>Kullan\u0131c\u0131lar\u0131m\u0131z\u0131n ihtiya\u00e7lar\u0131n\u0131 daha iyi anlamak ve bu web sitesindeki teklifleri ve deneyimi optimize etmek i\u00e7in Hotjar'\u0131 kullan\u0131yoruz. Hotjar teknolojisinin yard\u0131m\u0131yla kullan\u0131c\u0131lar\u0131m\u0131z\u0131n deneyimlerini (\u00f6rne\u011fin, kullan\u0131c\u0131lar\u0131n hangi sayfalarda ne kadar zaman harcad\u0131\u011f\u0131n\u0131, hangi ba\u011flant\u0131lara t\u0131klad\u0131klar\u0131n\u0131, neyi sevip neyi sevmediklerini vb.) daha iyi anl\u0131yoruz ve bu tekliflerimizi kullan\u0131c\u0131lar\u0131m\u0131zdan gelen geri bildirimlerle uyumlu hale getirmemize yard\u0131mc\u0131 olur. Hotjar, kullan\u0131c\u0131lar\u0131m\u0131z\u0131n ve son cihazlar\u0131n\u0131n davran\u0131\u015flar\u0131, \u00f6zellikle cihaz\u0131n IP adresi (yaln\u0131zca web sitesi kullan\u0131m\u0131n\u0131z s\u0131ras\u0131nda anonimle\u015ftirilmi\u015f bir bi\u00e7imde kaydedilir ve saklan\u0131r), ekran boyutu, cihaz t\u00fcr\u00fc () hakk\u0131nda veri toplamak i\u00e7in \u00e7erezler ve di\u011fer teknolojilerle \u00e7al\u0131\u015f\u0131r ( Benzersiz Cihaz Tan\u0131mlay\u0131c\u0131lar\u0131), kullan\u0131lan taray\u0131c\u0131 hakk\u0131nda bilgiler, konum (yaln\u0131zca \u00fclke), web sitemizi g\u00f6r\u00fcnt\u00fclemek i\u00e7in tercih edilen dil. Hotjar bu bilgileri bizim ad\u0131m\u0131za takma ad verilmi\u015f bir kullan\u0131c\u0131 profilinde saklar. Hotjar'\u0131n bizim ad\u0131m\u0131za toplanan verileri satmas\u0131 s\u00f6zle\u015fmeye ba\u011fl\u0131 olarak yasakt\u0131r.<\/p><ol start=\"11\"><li><strong>Uluslararas\u0131 Veri Aktar\u0131mlar\u0131<\/strong><\/li><\/ol><p>Verileriniz Avrupa Ekonomik Alan\u0131 (AEA) d\u0131\u015f\u0131na aktar\u0131l\u0131rsa, Avrupa Komisyonu taraf\u0131ndan onaylanan \u00f6zel s\u00f6zle\u015fmelerin kullan\u0131lmas\u0131 veya al\u0131c\u0131n\u0131n Avrupa Komisyonu'nun belirledi\u011fi \u00fclke verileriniz i\u00e7in yeterli koruma sa\u011fl\u0131yor.<\/p><ol start=\"12\"><li><strong>Bu Bildirime \u0130li\u015fkin G\u00fcncellemeler<\/strong><\/li><\/ol><p>Zaman zaman bu bildirimi uygulamalar\u0131m\u0131zdaki, yasal gerekliliklerdeki de\u011fi\u015fiklikleri yans\u0131tacak \u015fekilde veya ba\u015fka nedenlerle g\u00fcncelleyebiliriz. Verilerinizi nas\u0131l korudu\u011fumuz hakk\u0131nda bilgi sahibi olmak i\u00e7in bu bildirimi d\u00fczenli aral\u0131klarla incelemenizi \u00f6neririz.<\/p><ol start=\"13\"><li><strong>Bize Ula\u015f\u0131n<\/strong><\/li><\/ol><p>Bu Gizlilik Bildirimi veya hakk\u0131n\u0131zda tuttu\u011fumuz veriler hakk\u0131nda herhangi bir sorunuz varsa veya veri koruma haklar\u0131n\u0131z\u0131 kullanmak istiyorsan\u0131z l\u00fctfen bizimle ileti\u015fime ge\u00e7in:<\/p><ul><li><strong>E-posta: <\/strong>info@unitedvision.org.tr<\/li><li><strong>Telefon:<\/strong> +90 555 1933 144<\/li><li><strong>Adres:<\/strong> Maltepe Mah. \u00d6zveren Cd. 2\/19 \u00c7ankaya, Ankara, T\u00fcrkiye<\/li><\/ul>\t\t\t\t\t\t\t\t<\/div>\n\t\t\t\t<\/div>\n\t\t\t\t\t<\/div>\n\t\t\t\t<\/div>\n\t\t\t\t<\/div>","protected":false},"excerpt":{"rendered":"<p>Privacy Notice for United Vision T\u00fcrkiye Introduction Thank you for being a part of United Vision T\u00fcrkiye. Protecting your personal data is a top priority for us. This Privacy Notice explains how and why we collect, store, and process your personal information, in compliance with the General Data Protection Regulation (GDPR). What Information We Collect&hellip;<\/p>","protected":false},"author":5,"featured_media":0,"parent":0,"menu_order":0,"comment_status":"closed","ping_status":"open","template":"","meta":{"footnotes":""},"class_list":["post-3","page","type-page","status-publish","hentry"],"_links":{"self":[{"href":"https:\/\/unitedvision.org.tr\/tr\/wp-json\/wp\/v2\/pages\/3","targetHints":{"allow":["GET"]}}],"collection":[{"href":"https:\/\/unitedvision.org.tr\/tr\/wp-json\/wp\/v2\/pages"}],"about":[{"href":"https:\/\/unitedvision.org.tr\/tr\/wp-json\/wp\/v2\/types\/page"}],"author":[{"embeddable":true,"href":"https:\/\/unitedvision.org.tr\/tr\/wp-json\/wp\/v2\/users\/5"}],"replies":[{"embeddable":true,"href":"https:\/\/unitedvision.org.tr\/tr\/wp-json\/wp\/v2\/comments?post=3"}],"version-history":[{"count":22,"href":"https:\/\/unitedvision.org.tr\/tr\/wp-json\/wp\/v2\/pages\/3\/revisions"}],"predecessor-version":[{"id":97113,"href":"https:\/\/unitedvision.org.tr\/tr\/wp-json\/wp\/v2\/pages\/3\/revisions\/97113"}],"wp:attachment":[{"href":"https:\/\/unitedvision.org.tr\/tr\/wp-json\/wp\/v2\/media?parent=3"}],"curies":[{"name":"wp","href":"https:\/\/api.w.org\/{rel}","templated":true}]}}