{"id":94541,"date":"2023-09-30T21:46:59","date_gmt":"2023-09-30T18:46:59","guid":{"rendered":"http:\/\/unitedvision.org.tr\/?page_id=94541"},"modified":"2024-09-05T10:55:20","modified_gmt":"2024-09-05T07:55:20","slug":"united-vision-turkiye-terms","status":"publish","type":"page","link":"https:\/\/unitedvision.org.tr\/tr\/united-vision-turkiye-terms\/","title":{"rendered":"United Vision T\u00fcrkiye&#8217;s terms"},"content":{"rendered":"<div data-elementor-type=\"wp-page\" data-elementor-id=\"94541\" class=\"elementor elementor-94541\" data-elementor-post-type=\"page\">\n\t\t\t\t<div class=\"elementor-element elementor-element-5c17953 e-flex e-con-boxed e-con e-parent\" data-id=\"5c17953\" data-element_type=\"container\" data-e-type=\"container\">\n\t\t\t\t\t<div class=\"e-con-inner\">\n\t\t\t\t<div class=\"elementor-element elementor-element-4da3005 elementor-widget elementor-widget-text-editor\" data-id=\"4da3005\" data-element_type=\"widget\" data-e-type=\"widget\" data-widget_type=\"text-editor.default\">\n\t\t\t\t<div class=\"elementor-widget-container\">\n\t\t\t\t\t\t\t\t\t<h3><strong>Kullan\u0131m Ko\u015fullar\u0131 <\/strong><strong>Web sitesi<\/strong><strong>f United Vision T\u00fcrkiye<\/strong><\/h3><hr \/><p><strong>1. Giri\u015f<\/strong><\/p><p>United Vision T\u00fcrkiye hizmetlerine eri\u015ferek ve bunlar\u0131 kullanarak, bu Kullan\u0131m Ko\u015fullar\u0131na ba\u011fl\u0131 kalmay\u0131 kabul ve taahh\u00fct ediyorsunuz. Bu \u015fartlar\u0131 kabul etmiyorsan\u0131z l\u00fctfen hizmetlerimizi kullanmay\u0131n veya platformumuza eri\u015fmeyin.<\/p><hr \/><p><strong>2. De\u011fi\u015fiklik<\/strong><\/p><p>Bu \u015fartlar\u0131 kendi takdirimize ba\u011fl\u0131 olarak de\u011fi\u015ftirme hakk\u0131n\u0131 sakl\u0131 tutuyoruz. De\u011fi\u015fiklikler bu sayfada yay\u0131nland\u0131\u011f\u0131 anda ge\u00e7erli olacakt\u0131r. Bu \u015fartlar\u0131 d\u00fczenli olarak g\u00f6zden ge\u00e7irmek kullan\u0131c\u0131n\u0131n sorumlulu\u011fundad\u0131r.<\/p><hr \/><p><strong>3. Platformun Kullan\u0131m\u0131<\/strong><\/p><p>Kullan\u0131c\u0131lar, platformu zarar verecek, yasa d\u0131\u015f\u0131 veya ba\u015fkalar\u0131n\u0131n haklar\u0131n\u0131 ihlal edecek \u015fekilde kullanmamay\u0131 kabul ederler. Bu platformun i\u00e7eri\u011fi, d\u00fczeni, tasar\u0131m\u0131 ve g\u00f6r\u00fcn\u00fcm\u00fc fikri m\u00fclkiyet haklar\u0131yla korunmaktad\u0131r.<\/p><hr \/><p><strong>4. Kullan\u0131c\u0131 Hesaplar\u0131<\/strong><\/p><p>\u00dcyelerin belirli \u00f6zelliklere eri\u015febilmeleri i\u00e7in bir hesap olu\u015fturmalar\u0131 gerekebilir. Kullan\u0131c\u0131lar, hesap bilgilerinin gizlili\u011fini korumaktan ve hesaplar\u0131 alt\u0131nda ger\u00e7ekle\u015fen t\u00fcm faaliyetlerden sorumludurlar.<\/p><hr \/><p><strong>5. Sorumlulu\u011fun S\u0131n\u0131rland\u0131r\u0131lmas\u0131<\/strong><\/p><p>United Vision T\u00fcrkiye, hizmetlerimizin veya platformumuzun kullan\u0131m\u0131ndan kaynaklanan hi\u00e7bir dolayl\u0131, sonu\u00e7sal veya ar\u0131zi zarardan sorumlu olmayacakt\u0131r.<\/p><hr \/><p><strong>6. Gizlilik<\/strong><\/p><p>Platformumuzu kullan\u0131m\u0131n\u0131z ayn\u0131 zamanda Unitedvision.org.tr\/privacy-policy adresinde bulabilece\u011finiz Gizlilik Bildirimimize de tabidir.<\/p><hr \/><p><strong>7. Fesih<\/strong><\/p><p>Bu \u015fartlar\u0131 ihlal eden veya di\u011fer kullan\u0131c\u0131lara, bize veya \u00fc\u00e7\u00fcnc\u00fc taraflara zarar veren davran\u0131\u015flar veya ba\u015fka herhangi bir nedenle platformumuza eri\u015fimi \u00f6nceden bildirimde bulunmaks\u0131z\u0131n sonland\u0131rma veya ask\u0131ya alma hakk\u0131n\u0131 sakl\u0131 tutuyoruz.<\/p><hr \/><p><strong>8. Ge\u00e7erli Kanun<\/strong><\/p><p>Bu \u015fartlar T\u00fcrkiye kanunlar\u0131na g\u00f6re y\u00f6netilir ve yorumlan\u0131r.<\/p><hr \/><p><strong>9. Geribildirim ve \u015eikayetler<\/strong><\/p><p>Kullan\u0131c\u0131lar geri bildirimlerini veya \u015fikayetlerini info@unitedvision.org.tr adresine iletebilirler. T\u00fcm geri bildirim ve \u015fikayetleri h\u0131zl\u0131 ve etkili bir \u015fekilde ele almay\u0131 hedefliyoruz.<\/p><hr \/><p><strong>10. Bize Ula\u015f\u0131n<\/strong><\/p><p>Bu Kullan\u0131m Ko\u015fullar\u0131 hakk\u0131nda herhangi bir sorunuz varsa l\u00fctfen bizimle \u015fu adresten ileti\u015fime ge\u00e7in:<\/p><ul><li>E-posta: info@unitedvision.org.tr<\/li><li>Telefon: +90 555 1933 144<\/li><\/ul>\t\t\t\t\t\t\t\t<\/div>\n\t\t\t\t<\/div>\n\t\t\t\t\t<\/div>\n\t\t\t\t<\/div>\n\t\t\t\t<\/div>","protected":false},"excerpt":{"rendered":"<p>Terms of Use Website of United Vision T\u00fcrkiye 1. Introduction By accessing and using the services of the United Vision T\u00fcrkiye, you accept and agree to be bound by these Terms of Use. If you do not agree to these terms, please do not use our services or access our platform. 2. Modification We reserve&hellip;<\/p>","protected":false},"author":5,"featured_media":0,"parent":0,"menu_order":0,"comment_status":"closed","ping_status":"closed","template":"","meta":{"footnotes":""},"class_list":["post-94541","page","type-page","status-publish","hentry"],"_links":{"self":[{"href":"https:\/\/unitedvision.org.tr\/tr\/wp-json\/wp\/v2\/pages\/94541","targetHints":{"allow":["GET"]}}],"collection":[{"href":"https:\/\/unitedvision.org.tr\/tr\/wp-json\/wp\/v2\/pages"}],"about":[{"href":"https:\/\/unitedvision.org.tr\/tr\/wp-json\/wp\/v2\/types\/page"}],"author":[{"embeddable":true,"href":"https:\/\/unitedvision.org.tr\/tr\/wp-json\/wp\/v2\/users\/5"}],"replies":[{"embeddable":true,"href":"https:\/\/unitedvision.org.tr\/tr\/wp-json\/wp\/v2\/comments?post=94541"}],"version-history":[{"count":7,"href":"https:\/\/unitedvision.org.tr\/tr\/wp-json\/wp\/v2\/pages\/94541\/revisions"}],"predecessor-version":[{"id":97142,"href":"https:\/\/unitedvision.org.tr\/tr\/wp-json\/wp\/v2\/pages\/94541\/revisions\/97142"}],"wp:attachment":[{"href":"https:\/\/unitedvision.org.tr\/tr\/wp-json\/wp\/v2\/media?parent=94541"}],"curies":[{"name":"wp","href":"https:\/\/api.w.org\/{rel}","templated":true}]}}