{"id":95829,"date":"2024-05-29T15:28:35","date_gmt":"2024-05-29T12:28:35","guid":{"rendered":"http:\/\/unitedvision.org.tr\/?page_id=95829"},"modified":"2024-09-05T10:55:18","modified_gmt":"2024-09-05T07:55:18","slug":"resources","status":"publish","type":"page","link":"https:\/\/unitedvision.org.tr\/tr\/resources\/","title":{"rendered":"Kaynaklar"},"content":{"rendered":"<div data-elementor-type=\"wp-page\" data-elementor-id=\"95829\" class=\"elementor elementor-95829\" data-elementor-post-type=\"page\">\n\t\t\t\t<div class=\"elementor-element elementor-element-45f7490 e-flex e-con-boxed e-con e-parent\" data-id=\"45f7490\" data-element_type=\"container\" data-e-type=\"container\">\n\t\t\t\t\t<div class=\"e-con-inner\">\n\t\t\t\t<div class=\"elementor-element elementor-element-842c400 elementor-widget elementor-widget-heading\" data-id=\"842c400\" data-element_type=\"widget\" data-e-type=\"widget\" data-widget_type=\"heading.default\">\n\t\t\t\t<div class=\"elementor-widget-container\">\n\t\t\t\t\t<h2 class=\"elementor-heading-title elementor-size-default\">Kaynaklar<\/h2>\t\t\t\t<\/div>\n\t\t\t\t<\/div>\n\t\t\t\t<div class=\"elementor-element elementor-element-d022b11 elementor-widget elementor-widget-the7_elements\" data-id=\"d022b11\" data-element_type=\"widget\" data-e-type=\"widget\" data-widget_type=\"the7_elements.default\">\n\t\t\t\t<div class=\"elementor-widget-container\">\n\t\t\t\t\t<div class=\"portfolio-shortcode the7-elementor-widget the7_elements-d022b11 mode-masonry classic-layout-list description-under-image quick-scale-img content-bg-on enable-bg-rollover resize-by-browser-width loading-effect-none jquery-filter\" data-padding=\"15px\" data-mobile-columns-num=\"1\" data-tablet-columns-num=\"2\" data-desktop-columns-num=\"3\" data-wide-desktop-columns-num=\"3\" data-post-limit=\"-1\" data-pagination-mode=\"none\" data-scroll-offset=\"\" aria-live=\"assertive\"><div class=\"iso-container dt-isotope custom-iso-columns\"><div class=\"visible wf-cell iso-item\" data-post-id=\"95842\" data-date=\"2024-05-29T15:58:14+03:00\" data-name=\"THE SUSTAINABILITY GUIDE\"><article class=\"post visible no-img post-95842 type-post status-publish format-standard hentry category-resources category-292 description-off\" data-name=\"THE SUSTAINABILITY GUIDE\" data-date=\"2024-05-29T15:58:14+03:00\">\n\n<div class=\"post-entry-content\">\n\n\t<h3 class=\"ele-entry-title\"><a href=\"https:\/\/unitedvision.org.tr\/tr\/the-sustainability-guide\/\" rel=\"bookmark\" title=\"S\u00dcRD\u00dcR\u00dcLEB\u0130L\u0130RL\u0130K KILAVUZU\">S\u00dcRD\u00dcR\u00dcLEB\u0130L\u0130RL\u0130K KILAVUZU<\/a><\/h3><div class=\"entry-meta\"><span class=\"meta-item category-link\"><a href=\"https:\/\/unitedvision.org.tr\/tr\/category\/resources\/\" rel=\"tag\">Kaynaklar<\/a><\/span><a class=\"meta-item author vcard\" href=\"https:\/\/unitedvision.org.tr\/tr\/author\/united-vision-tr\/\" title=\"View all posts by United Vision TR\" rel=\"author external\">By <span class=\"fn\">United Vision TR<\/span><\/a><a href=\"https:\/\/unitedvision.org.tr\/tr\/2024\/05\/29\/\" title=\"3:58 PM\" class=\"meta-item data-link\" rel=\"bookmark\"><time class=\"entry-date updated\" datetime=\"2024-05-29T15:58:14+03:00\">29\/05\/2024<\/time><\/a><\/div><div class=\"entry-excerpt\"><p>United Vision S\u00fcrd\u00fcr\u00fclebilirlik K\u0131lavuzuna ho\u015f geldiniz. Bu kapsaml\u0131 kaynak, toplulu\u011funuzda ve g\u00fcnl\u00fck ya\u015fam\u0131n\u0131zda s\u00fcrd\u00fcr\u00fclebilir uygulamalar\u0131 te\u015fvik etmek i\u00e7in gereken bilgi ve ara\u00e7lar\u0131 sa\u011flamak \u00fczere tasarlanm\u0131\u015ft\u0131r. Rehberimiz daha ye\u015fil, daha s\u00fcrd\u00fcr\u00fclebilir bir gelece\u011fe katk\u0131da bulunman\u0131za yard\u0131mc\u0131 olacak pratik ipu\u00e7lar\u0131, yenilik\u00e7i stratejiler ve ilham verici hikayeler sunuyor. S\u00fcrd\u00fcr\u00fclebilirlik ilkelerini benimseyin\u2026<\/p>\n<\/div><a href=\"https:\/\/unitedvision.org.tr\/tr\/the-sustainability-guide\/\" target=\"\" aria-label=\"Read more about THE SUSTAINABILITY GUIDE\" class=\"box-button elementor-button elementor-size-xs\">Devam\u0131n\u0131 oku<\/a>\n<\/div><\/article><\/div><\/div><!-- iso-container|iso-grid --><\/div>\t\t\t\t<\/div>\n\t\t\t\t<\/div>\n\t\t\t\t\t<\/div>\n\t\t\t\t<\/div>\n\t\t\t\t<\/div>","protected":false},"excerpt":{"rendered":"<p>Resources THE SUSTAINABILITY GUIDE ResourcesBy unitedvision.fi29 May 2024Read more<\/p>","protected":false},"author":5,"featured_media":0,"parent":0,"menu_order":0,"comment_status":"closed","ping_status":"closed","template":"","meta":{"footnotes":""},"class_list":["post-95829","page","type-page","status-publish","hentry","category-292","description-off"],"_links":{"self":[{"href":"https:\/\/unitedvision.org.tr\/tr\/wp-json\/wp\/v2\/pages\/95829","targetHints":{"allow":["GET"]}}],"collection":[{"href":"https:\/\/unitedvision.org.tr\/tr\/wp-json\/wp\/v2\/pages"}],"about":[{"href":"https:\/\/unitedvision.org.tr\/tr\/wp-json\/wp\/v2\/types\/page"}],"author":[{"embeddable":true,"href":"https:\/\/unitedvision.org.tr\/tr\/wp-json\/wp\/v2\/users\/5"}],"replies":[{"embeddable":true,"href":"https:\/\/unitedvision.org.tr\/tr\/wp-json\/wp\/v2\/comments?post=95829"}],"version-history":[{"count":1,"href":"https:\/\/unitedvision.org.tr\/tr\/wp-json\/wp\/v2\/pages\/95829\/revisions"}],"predecessor-version":[{"id":97165,"href":"https:\/\/unitedvision.org.tr\/tr\/wp-json\/wp\/v2\/pages\/95829\/revisions\/97165"}],"wp:attachment":[{"href":"https:\/\/unitedvision.org.tr\/tr\/wp-json\/wp\/v2\/media?parent=95829"}],"curies":[{"name":"wp","href":"https:\/\/api.w.org\/{rel}","templated":true}]}}